{"id":36,"date":"2017-02-01T09:49:17","date_gmt":"2017-02-01T08:49:17","guid":{"rendered":"http:\/\/www.smarthouse.fr\/?page_id=36"},"modified":"2022-10-24T06:57:02","modified_gmt":"2022-10-24T05:57:02","slug":"services","status":"publish","type":"page","link":"https:\/\/www.smarthouse.fr\/?page_id=36","title":{"rendered":"Services"},"content":{"rendered":"\n<p class=\"has-black-color has-text-color\"><a href=\"Architecte de Demain\" target=\"_blank\" rel=\"noreferrer noopener\" title=\"https:\/\/www.architectesdedemain.fr\">Partenaire: Architecte de De<\/a><\/p>\n\n\n\n<div class=\"wp-block-group\"><div class=\"wp-block-group__inner-container is-layout-flow wp-block-group-is-layout-flow\">\n<ul class=\"wp-block-list\"><li>Etudes de faisabilit\u00e9<\/li><li>Esquisses ( Avant projets )<\/li><li>Plans architecture int\u00e9rieure ( Cr\u00e9ation, R\u00e9novation ..)<\/li><li>Permis de Construire<\/li><li>Plans d&rsquo;ex\u00e9cution<\/li><li>Ma\u00eetrise d&rsquo;Oeuvre, Chantier<\/li><li>Expertise r\u00e9novation \u00e9nerg\u00e9tique, optimisation \u00e9nergie<\/li><li>AMO B\u00e2timent Basse Consommation, R\u00e9novation Energ\u00e9tique , BEPOS<\/li><li><a href=\"https:\/\/www.architectesdedemain.fr\" target=\"_blank\" rel=\"noreferrer noopener\" title=\"architectes de demain\">https:\/\/www.architectesdedemain.fr<\/a> <\/li><\/ul>\n<\/div><\/div>\n\n\n\n<p><\/p>\n","protected":false},"excerpt":{"rendered":"<p>Partenaire: Architecte de De Etudes de faisabilit\u00e9 Esquisses ( Avant projets ) Plans architecture int\u00e9rieure ( Cr\u00e9ation, R\u00e9novation ..) Permis de Construire Plans d&rsquo;ex\u00e9cution Ma\u00eetrise &hellip; <\/p>\n","protected":false},"author":1,"featured_media":0,"parent":0,"menu_order":0,"comment_status":"closed","ping_status":"closed","template":"","meta":{"footnotes":""},"class_list":["post-36","page","type-page","status-publish","hentry","latest_post"],"aioseo_notices":[],"_links":{"self":[{"href":"https:\/\/www.smarthouse.fr\/index.php?rest_route=\/wp\/v2\/pages\/36","targetHints":{"allow":["GET"]}}],"collection":[{"href":"https:\/\/www.smarthouse.fr\/index.php?rest_route=\/wp\/v2\/pages"}],"about":[{"href":"https:\/\/www.smarthouse.fr\/index.php?rest_route=\/wp\/v2\/types\/page"}],"author":[{"embeddable":true,"href":"https:\/\/www.smarthouse.fr\/index.php?rest_route=\/wp\/v2\/users\/1"}],"replies":[{"embeddable":true,"href":"https:\/\/www.smarthouse.fr\/index.php?rest_route=%2Fwp%2Fv2%2Fcomments&post=36"}],"version-history":[{"count":22,"href":"https:\/\/www.smarthouse.fr\/index.php?rest_route=\/wp\/v2\/pages\/36\/revisions"}],"predecessor-version":[{"id":478,"href":"https:\/\/www.smarthouse.fr\/index.php?rest_route=\/wp\/v2\/pages\/36\/revisions\/478"}],"wp:attachment":[{"href":"https:\/\/www.smarthouse.fr\/index.php?rest_route=%2Fwp%2Fv2%2Fmedia&parent=36"}],"curies":[{"name":"wp","href":"https:\/\/api.w.org\/{rel}","templated":true}]}}